{"id":55,"date":"2019-06-29T10:48:29","date_gmt":"2019-06-29T10:48:29","guid":{"rendered":"https:\/\/christian-linnartz.de\/?page_id=55"},"modified":"2022-09-10T13:48:05","modified_gmt":"2022-09-10T13:48:05","slug":"impressum","status":"publish","type":"page","link":"https:\/\/christian-linnartz.de\/?page_id=55","title":{"rendered":"Impressum"},"content":{"rendered":"\n<h1 class=\"alignfull has-white-color has-text-color wp-block-heading\" style=\"font-size:80px\">IMPRESSUM<\/h1>\n\n\n\n<h6 class=\"has-white-color has-text-color wp-block-heading\">ANGABEN GEM\u00c4SS \u00a7 5 TM<\/h6>\n\n\n\n<p class=\"has-white-color has-text-color\">Christian Linnartz<br>Ellerstra\u00dfe 76<br>40227 D\u00fcsseldorf<\/p>\n\n\n\n<h6 class=\"wp-block-heading\">KONTAKT<\/h6>\n\n\n\n<figure class=\"wp-block-image size-full\"><img loading=\"lazy\" decoding=\"async\" width=\"1080\" height=\"1080\" src=\"https:\/\/christian-linnartz.de\/wp-content\/uploads\/2021\/10\/Portrait.jpg\" alt=\"\" class=\"wp-image-1406\" srcset=\"https:\/\/christian-linnartz.de\/wp-content\/uploads\/2021\/10\/Portrait.jpg 1080w, https:\/\/christian-linnartz.de\/wp-content\/uploads\/2021\/10\/Portrait-300x300.jpg 300w, https:\/\/christian-linnartz.de\/wp-content\/uploads\/2021\/10\/Portrait-150x150.jpg 150w, https:\/\/christian-linnartz.de\/wp-content\/uploads\/2021\/10\/Portrait-768x768.jpg 768w, https:\/\/christian-linnartz.de\/wp-content\/uploads\/2021\/10\/Portrait-508x508.jpg 508w\" sizes=\"auto, (max-width: 1080px) 100vw, 1080px\" \/><\/figure>\n\n\n\n<p>E-Mail: &#99;&#x68;r&#105;&#x73;t&#105;&#x61;n&#x2d;&#x6c;&#105;&#x6e;n&#97;&#x72;t&#122;&#x40;g&#x6d;&#x78;&#46;&#x64;&#x65;<\/p>\n\n\n\n<h6 class=\"wp-block-heading\">STREITSCHLICHTUNG<\/h6>\n\n\n\n<p>Die Europ\u00e4ische Kommission stellt eine Plattform zur Online-Streitbeilegung (OS) bereit:&nbsp;<a href=\"https:\/\/ec.europa.eu\/consumers\/odr\" target=\"_blank\" rel=\"noreferrer noopener\">https:\/\/ec.europa.eu\/consumers\/odr<\/a>.<br>Unsere E-Mail-Adresse finden Sie oben im Impressum.<\/p>\n\n\n\n<p>Wir sind nicht bereit oder verpflichtet, an Streitbeilegungsverfahren vor einer Verbraucherschlichtungsstelle teilzunehmen.<\/p>\n\n\n\n<h6 class=\"wp-block-heading\">HAFTUNG F\u00dcR INHALTE<\/h6>\n\n\n\n<p>Als Diensteanbieter sind wir gem\u00e4\u00df \u00a7 7 Abs.1 TMG f\u00fcr eigene Inhalte auf diesen Seiten nach den allgemeinen Gesetzen verantwortlich. Nach \u00a7\u00a7 8 bis 10 TMG sind wir als Diensteanbieter jedoch nicht verpflichtet, \u00fcbermittelte oder gespeicherte fremde Informationen zu \u00fcberwachen oder nach Umst\u00e4nden zu forschen, die auf eine rechtswidrige T\u00e4tigkeit hinweisen.<\/p>\n\n\n\n<p>Verpflichtungen zur Entfernung oder Sperrung der Nutzung von Informationen nach den allgemeinen Gesetzen bleiben hiervon unber\u00fchrt. Eine diesbez\u00fcgliche Haftung ist jedoch erst ab dem Zeitpunkt der Kenntnis einer konkreten Rechtsverletzung m\u00f6glich. Bei Bekanntwerden von entsprechenden Rechtsverletzungen werden wir diese Inhalte umgehend entfernen.<\/p>\n\n\n\n<h6 class=\"wp-block-heading\">HAFTUNG F\u00dcR LINKS<\/h6>\n\n\n\n<p>Unser Angebot enth\u00e4lt Links zu externen Websites Dritter, auf deren Inhalte wir keinen Einfluss haben. Deshalb k\u00f6nnen wir f\u00fcr diese fremden Inhalte auch keine Gew\u00e4hr \u00fcbernehmen. F\u00fcr die Inhalte der verlinkten Seiten ist stets der jeweilige Anbieter oder Betreiber der Seiten verantwortlich. Die verlinkten Seiten wurden zum Zeitpunkt der Verlinkung auf m\u00f6gliche Rechtsverst\u00f6\u00dfe \u00fcberpr\u00fcft. Rechtswidrige Inhalte waren zum Zeitpunkt der Verlinkung nicht erkennbar.<\/p>\n\n\n\n<p>Eine permanente inhaltliche Kontrolle der verlinkten Seiten ist jedoch ohne konkrete Anhaltspunkte einer Rechtsverletzung nicht zumutbar. Bei Bekanntwerden von Rechtsverletzungen werden wir derartige Links umgehend entfernen.<\/p>\n\n\n\n<h6 class=\"wp-block-heading\">URHEBERRECHT<\/h6>\n\n\n\n<p>Die durch die Seitenbetreiber erstellten Inhalte und Werke auf diesen Seiten unterliegen dem deutschen Urheberrecht. Die Vervielf\u00e4ltigung, Bearbeitung, Verbreitung und jede Art der Verwertung au\u00dferhalb der Grenzen des Urheberrechtes bed\u00fcrfen der schriftlichen Zustimmung des jeweiligen Autors bzw. Erstellers. Downloads und Kopien dieser Seite sind nur f\u00fcr den privaten, nicht kommerziellen Gebrauch gestattet.<\/p>\n\n\n\n<p>Soweit die Inhalte auf dieser Seite nicht vom Betreiber erstellt wurden, werden die Urheberrechte Dritter beachtet. Insbesondere werden Inhalte Dritter als solche gekennzeichnet. Sollten Sie trotzdem auf eine Urheberrechtsverletzung aufmerksam werden, bitten wir um einen entsprechenden Hinweis. Bei Bekanntwerden von Rechtsverletzungen werden wir derartige Inhalte umgehend entfernen.<\/p>\n\n\n\n<p>Quelle:&nbsp;<a href=\"https:\/\/www.e-recht24.de\/\">e-recht24.de<\/a><\/p>\n","protected":false},"excerpt":{"rendered":"<p>IMPRESSUM ANGABEN GEM\u00c4SS \u00a7 5 TM Christian LinnartzEllerstra\u00dfe 7640227 D\u00fcsseldorf KONTAKT E-Mail: &#x63;&#x68;&#x72;&#x69;&#x73;&#x74;&#x69;&#x61;&#x6e;&#x2d;&#x6c;&#x69;&#x6e;&#x6e;&#x61;&#x72;&#x74;&#x7a;&#x40;&#x67;&#x6d;&#x78;&#46;&#100;&#101; STREITSCHLICHTUNG Die Europ\u00e4ische Kommission stellt eine Plattform zur Online-Streitbeilegung (OS) bereit:&nbsp;https:\/\/ec.europa.eu\/consumers\/odr.Unsere E-Mail-Adresse finden Sie oben im Impressum. Wir sind nicht bereit oder verpflichtet, an Streitbeilegungsverfahren vor einer Verbraucherschlichtungsstelle teilzunehmen. HAFTUNG F\u00dcR INHALTE Als Diensteanbieter sind wir gem\u00e4\u00df \u00a7 7 Abs.1 TMG f\u00fcr [&hellip;]<\/p>\n","protected":false},"author":1,"featured_media":0,"parent":0,"menu_order":0,"comment_status":"closed","ping_status":"closed","template":"","meta":{"footnotes":""},"class_list":["post-55","page","type-page","status-publish","hentry"],"yoast_head":"<!-- This site is optimized with the Yoast SEO plugin v27.0 - https:\/\/yoast.com\/product\/yoast-seo-wordpress\/ -->\n<title>Impressum - Christian Linnartz<\/title>\n<meta name=\"robots\" content=\"index, follow, max-snippet:-1, max-image-preview:large, max-video-preview:-1\" \/>\n<link rel=\"canonical\" href=\"https:\/\/christian-linnartz.de\/?page_id=55\" \/>\n<meta property=\"og:locale\" content=\"de_DE\" \/>\n<meta property=\"og:type\" content=\"article\" \/>\n<meta property=\"og:title\" content=\"Impressum - Christian Linnartz\" \/>\n<meta property=\"og:description\" content=\"IMPRESSUM ANGABEN GEM\u00c4SS \u00a7 5 TM Christian LinnartzEllerstra\u00dfe 7640227 D\u00fcsseldorf KONTAKT E-Mail: &#x63;&#x68;&#x72;&#x69;&#x73;&#x74;&#x69;&#x61;&#x6e;&#x2d;&#x6c;&#x69;&#x6e;&#x6e;&#x61;&#x72;&#x74;&#x7a;&#x40;&#x67;&#x6d;&#x78;&#x2e;&#x64;&#x65; STREITSCHLICHTUNG Die Europ\u00e4ische Kommission stellt eine Plattform zur Online-Streitbeilegung (OS) bereit:&nbsp;https:\/\/ec.europa.eu\/consumers\/odr.Unsere E-Mail-Adresse finden Sie oben im Impressum. Wir sind nicht bereit oder verpflichtet, an Streitbeilegungsverfahren vor einer Verbraucherschlichtungsstelle teilzunehmen. HAFTUNG F\u00dcR INHALTE Als Diensteanbieter sind wir gem\u00e4\u00df \u00a7 7 Abs.1 TMG f\u00fcr [&hellip;]\" \/>\n<meta property=\"og:url\" content=\"https:\/\/christian-linnartz.de\/?page_id=55\" \/>\n<meta property=\"og:site_name\" content=\"Christian Linnartz\" \/>\n<meta property=\"article:modified_time\" content=\"2022-09-10T13:48:05+00:00\" \/>\n<meta property=\"og:image\" content=\"https:\/\/christian-linnartz.de\/wp-content\/uploads\/2021\/10\/Portrait.jpg\" \/>\n<meta name=\"twitter:card\" content=\"summary_large_image\" \/>\n<meta name=\"twitter:label1\" content=\"Gesch\u00e4tzte Lesezeit\" \/>\n\t<meta name=\"twitter:data1\" content=\"3\u00a0Minuten\" \/>\n<script type=\"application\/ld+json\" class=\"yoast-schema-graph\">{\"@context\":\"https:\/\/schema.org\",\"@graph\":[{\"@type\":\"WebPage\",\"@id\":\"https:\/\/christian-linnartz.de\/?page_id=55\",\"url\":\"https:\/\/christian-linnartz.de\/?page_id=55\",\"name\":\"Impressum - Christian Linnartz\",\"isPartOf\":{\"@id\":\"https:\/\/christian-linnartz.de\/#website\"},\"primaryImageOfPage\":{\"@id\":\"https:\/\/christian-linnartz.de\/?page_id=55#primaryimage\"},\"image\":{\"@id\":\"https:\/\/christian-linnartz.de\/?page_id=55#primaryimage\"},\"thumbnailUrl\":\"https:\/\/christian-linnartz.de\/wp-content\/uploads\/2021\/10\/Portrait.jpg\",\"datePublished\":\"2019-06-29T10:48:29+00:00\",\"dateModified\":\"2022-09-10T13:48:05+00:00\",\"breadcrumb\":{\"@id\":\"https:\/\/christian-linnartz.de\/?page_id=55#breadcrumb\"},\"inLanguage\":\"de\",\"potentialAction\":[{\"@type\":\"ReadAction\",\"target\":[\"https:\/\/christian-linnartz.de\/?page_id=55\"]}]},{\"@type\":\"ImageObject\",\"inLanguage\":\"de\",\"@id\":\"https:\/\/christian-linnartz.de\/?page_id=55#primaryimage\",\"url\":\"https:\/\/christian-linnartz.de\/wp-content\/uploads\/2021\/10\/Portrait.jpg\",\"contentUrl\":\"https:\/\/christian-linnartz.de\/wp-content\/uploads\/2021\/10\/Portrait.jpg\",\"width\":1080,\"height\":1080},{\"@type\":\"BreadcrumbList\",\"@id\":\"https:\/\/christian-linnartz.de\/?page_id=55#breadcrumb\",\"itemListElement\":[{\"@type\":\"ListItem\",\"position\":1,\"name\":\"Startseite\",\"item\":\"https:\/\/christian-linnartz.de\/\"},{\"@type\":\"ListItem\",\"position\":2,\"name\":\"Impressum\"}]},{\"@type\":\"WebSite\",\"@id\":\"https:\/\/christian-linnartz.de\/#website\",\"url\":\"https:\/\/christian-linnartz.de\/\",\"name\":\"Christian Linnartz\",\"description\":\"\",\"publisher\":{\"@id\":\"https:\/\/christian-linnartz.de\/#organization\"},\"potentialAction\":[{\"@type\":\"SearchAction\",\"target\":{\"@type\":\"EntryPoint\",\"urlTemplate\":\"https:\/\/christian-linnartz.de\/?s={search_term_string}\"},\"query-input\":{\"@type\":\"PropertyValueSpecification\",\"valueRequired\":true,\"valueName\":\"search_term_string\"}}],\"inLanguage\":\"de\"},{\"@type\":\"Organization\",\"@id\":\"https:\/\/christian-linnartz.de\/#organization\",\"name\":\"Christian Linnartz\",\"url\":\"https:\/\/christian-linnartz.de\/\",\"logo\":{\"@type\":\"ImageObject\",\"inLanguage\":\"de\",\"@id\":\"https:\/\/christian-linnartz.de\/#\/schema\/logo\/image\/\",\"url\":\"https:\/\/christian-linnartz.de\/wp-content\/uploads\/2022\/01\/Titel.png\",\"contentUrl\":\"https:\/\/christian-linnartz.de\/wp-content\/uploads\/2022\/01\/Titel.png\",\"width\":1000,\"height\":250,\"caption\":\"Christian Linnartz\"},\"image\":{\"@id\":\"https:\/\/christian-linnartz.de\/#\/schema\/logo\/image\/\"}}]}<\/script>\n<!-- \/ Yoast SEO plugin. -->","yoast_head_json":{"title":"Impressum - Christian Linnartz","robots":{"index":"index","follow":"follow","max-snippet":"max-snippet:-1","max-image-preview":"max-image-preview:large","max-video-preview":"max-video-preview:-1"},"canonical":"https:\/\/christian-linnartz.de\/?page_id=55","og_locale":"de_DE","og_type":"article","og_title":"Impressum - Christian Linnartz","og_description":"IMPRESSUM ANGABEN GEM\u00c4SS \u00a7 5 TM Christian LinnartzEllerstra\u00dfe 7640227 D\u00fcsseldorf KONTAKT E-Mail: &#x63;&#x68;&#x72;&#x69;&#x73;&#x74;&#x69;&#x61;&#x6e;&#x2d;&#x6c;&#x69;&#x6e;&#x6e;&#x61;&#x72;&#x74;&#x7a;&#x40;&#x67;&#x6d;&#x78;&#x2e;&#x64;&#x65; STREITSCHLICHTUNG Die Europ\u00e4ische Kommission stellt eine Plattform zur Online-Streitbeilegung (OS) bereit:&nbsp;https:\/\/ec.europa.eu\/consumers\/odr.Unsere E-Mail-Adresse finden Sie oben im Impressum. Wir sind nicht bereit oder verpflichtet, an Streitbeilegungsverfahren vor einer Verbraucherschlichtungsstelle teilzunehmen. HAFTUNG F\u00dcR INHALTE Als Diensteanbieter sind wir gem\u00e4\u00df \u00a7 7 Abs.1 TMG f\u00fcr [&hellip;]","og_url":"https:\/\/christian-linnartz.de\/?page_id=55","og_site_name":"Christian Linnartz","article_modified_time":"2022-09-10T13:48:05+00:00","og_image":[{"url":"https:\/\/christian-linnartz.de\/wp-content\/uploads\/2021\/10\/Portrait.jpg","type":"","width":"","height":""}],"twitter_card":"summary_large_image","twitter_misc":{"Gesch\u00e4tzte Lesezeit":"3\u00a0Minuten"},"schema":{"@context":"https:\/\/schema.org","@graph":[{"@type":"WebPage","@id":"https:\/\/christian-linnartz.de\/?page_id=55","url":"https:\/\/christian-linnartz.de\/?page_id=55","name":"Impressum - Christian Linnartz","isPartOf":{"@id":"https:\/\/christian-linnartz.de\/#website"},"primaryImageOfPage":{"@id":"https:\/\/christian-linnartz.de\/?page_id=55#primaryimage"},"image":{"@id":"https:\/\/christian-linnartz.de\/?page_id=55#primaryimage"},"thumbnailUrl":"https:\/\/christian-linnartz.de\/wp-content\/uploads\/2021\/10\/Portrait.jpg","datePublished":"2019-06-29T10:48:29+00:00","dateModified":"2022-09-10T13:48:05+00:00","breadcrumb":{"@id":"https:\/\/christian-linnartz.de\/?page_id=55#breadcrumb"},"inLanguage":"de","potentialAction":[{"@type":"ReadAction","target":["https:\/\/christian-linnartz.de\/?page_id=55"]}]},{"@type":"ImageObject","inLanguage":"de","@id":"https:\/\/christian-linnartz.de\/?page_id=55#primaryimage","url":"https:\/\/christian-linnartz.de\/wp-content\/uploads\/2021\/10\/Portrait.jpg","contentUrl":"https:\/\/christian-linnartz.de\/wp-content\/uploads\/2021\/10\/Portrait.jpg","width":1080,"height":1080},{"@type":"BreadcrumbList","@id":"https:\/\/christian-linnartz.de\/?page_id=55#breadcrumb","itemListElement":[{"@type":"ListItem","position":1,"name":"Startseite","item":"https:\/\/christian-linnartz.de\/"},{"@type":"ListItem","position":2,"name":"Impressum"}]},{"@type":"WebSite","@id":"https:\/\/christian-linnartz.de\/#website","url":"https:\/\/christian-linnartz.de\/","name":"Christian Linnartz","description":"","publisher":{"@id":"https:\/\/christian-linnartz.de\/#organization"},"potentialAction":[{"@type":"SearchAction","target":{"@type":"EntryPoint","urlTemplate":"https:\/\/christian-linnartz.de\/?s={search_term_string}"},"query-input":{"@type":"PropertyValueSpecification","valueRequired":true,"valueName":"search_term_string"}}],"inLanguage":"de"},{"@type":"Organization","@id":"https:\/\/christian-linnartz.de\/#organization","name":"Christian Linnartz","url":"https:\/\/christian-linnartz.de\/","logo":{"@type":"ImageObject","inLanguage":"de","@id":"https:\/\/christian-linnartz.de\/#\/schema\/logo\/image\/","url":"https:\/\/christian-linnartz.de\/wp-content\/uploads\/2022\/01\/Titel.png","contentUrl":"https:\/\/christian-linnartz.de\/wp-content\/uploads\/2022\/01\/Titel.png","width":1000,"height":250,"caption":"Christian Linnartz"},"image":{"@id":"https:\/\/christian-linnartz.de\/#\/schema\/logo\/image\/"}}]}},"_links":{"self":[{"href":"https:\/\/christian-linnartz.de\/index.php?rest_route=\/wp\/v2\/pages\/55","targetHints":{"allow":["GET"]}}],"collection":[{"href":"https:\/\/christian-linnartz.de\/index.php?rest_route=\/wp\/v2\/pages"}],"about":[{"href":"https:\/\/christian-linnartz.de\/index.php?rest_route=\/wp\/v2\/types\/page"}],"author":[{"embeddable":true,"href":"https:\/\/christian-linnartz.de\/index.php?rest_route=\/wp\/v2\/users\/1"}],"replies":[{"embeddable":true,"href":"https:\/\/christian-linnartz.de\/index.php?rest_route=%2Fwp%2Fv2%2Fcomments&post=55"}],"version-history":[{"count":14,"href":"https:\/\/christian-linnartz.de\/index.php?rest_route=\/wp\/v2\/pages\/55\/revisions"}],"predecessor-version":[{"id":1747,"href":"https:\/\/christian-linnartz.de\/index.php?rest_route=\/wp\/v2\/pages\/55\/revisions\/1747"}],"wp:attachment":[{"href":"https:\/\/christian-linnartz.de\/index.php?rest_route=%2Fwp%2Fv2%2Fmedia&parent=55"}],"curies":[{"name":"wp","href":"https:\/\/api.w.org\/{rel}","templated":true}]}}